{"id":5405,"date":"2025-04-28T16:37:40","date_gmt":"2025-04-28T14:37:40","guid":{"rendered":"https:\/\/gurudham-holzhausen.de\/?page_id=5405"},"modified":"2026-01-16T21:05:51","modified_gmt":"2026-01-16T19:05:51","slug":"videokurse","status":"publish","type":"page","link":"https:\/\/gurudham-holzhausen.de\/en\/videokurse\/","title":{"rendered":"Videokurse: Flexibel &#038; jederzeit verf\u00fcgbar"},"content":{"rendered":"\t\t<div data-elementor-type=\"wp-page\" data-elementor-id=\"5405\" class=\"elementor elementor-5405\" data-elementor-settings=\"{&quot;element_pack_global_tooltip_width&quot;:{&quot;unit&quot;:&quot;px&quot;,&quot;size&quot;:&quot;&quot;,&quot;sizes&quot;:[]},&quot;element_pack_global_tooltip_width_tablet&quot;:{&quot;unit&quot;:&quot;px&quot;,&quot;size&quot;:&quot;&quot;,&quot;sizes&quot;:[]},&quot;element_pack_global_tooltip_width_mobile&quot;:{&quot;unit&quot;:&quot;px&quot;,&quot;size&quot;:&quot;&quot;,&quot;sizes&quot;:[]},&quot;element_pack_global_tooltip_padding&quot;:{&quot;unit&quot;:&quot;px&quot;,&quot;top&quot;:&quot;&quot;,&quot;right&quot;:&quot;&quot;,&quot;bottom&quot;:&quot;&quot;,&quot;left&quot;:&quot;&quot;,&quot;isLinked&quot;:true},&quot;element_pack_global_tooltip_padding_tablet&quot;:{&quot;unit&quot;:&quot;px&quot;,&quot;top&quot;:&quot;&quot;,&quot;right&quot;:&quot;&quot;,&quot;bottom&quot;:&quot;&quot;,&quot;left&quot;:&quot;&quot;,&quot;isLinked&quot;:true},&quot;element_pack_global_tooltip_padding_mobile&quot;:{&quot;unit&quot;:&quot;px&quot;,&quot;top&quot;:&quot;&quot;,&quot;right&quot;:&quot;&quot;,&quot;bottom&quot;:&quot;&quot;,&quot;left&quot;:&quot;&quot;,&quot;isLinked&quot;:true},&quot;element_pack_global_tooltip_border_radius&quot;:{&quot;unit&quot;:&quot;px&quot;,&quot;top&quot;:&quot;&quot;,&quot;right&quot;:&quot;&quot;,&quot;bottom&quot;:&quot;&quot;,&quot;left&quot;:&quot;&quot;,&quot;isLinked&quot;:true},&quot;element_pack_global_tooltip_border_radius_tablet&quot;:{&quot;unit&quot;:&quot;px&quot;,&quot;top&quot;:&quot;&quot;,&quot;right&quot;:&quot;&quot;,&quot;bottom&quot;:&quot;&quot;,&quot;left&quot;:&quot;&quot;,&quot;isLinked&quot;:true},&quot;element_pack_global_tooltip_border_radius_mobile&quot;:{&quot;unit&quot;:&quot;px&quot;,&quot;top&quot;:&quot;&quot;,&quot;right&quot;:&quot;&quot;,&quot;bottom&quot;:&quot;&quot;,&quot;left&quot;:&quot;&quot;,&quot;isLinked&quot;:true}}\" data-elementor-post-type=\"page\">\n\t\t\t\t\t\t<section class=\"elementor-section elementor-top-section elementor-element elementor-element-eeae303 elementor-section-stretched elementor-section-boxed elementor-section-height-default elementor-section-height-default\" data-id=\"eeae303\" data-element_type=\"section\" data-e-type=\"section\" data-settings=\"{&quot;stretch_section&quot;:&quot;section-stretched&quot;}\">\n\t\t\t\t\t\t<div class=\"elementor-container elementor-column-gap-default\">\n\t\t\t\t\t<div class=\"elementor-column elementor-col-100 elementor-top-column elementor-element elementor-element-85fed47\" data-id=\"85fed47\" data-element_type=\"column\" data-e-type=\"column\">\n\t\t\t<div class=\"elementor-widget-wrap elementor-element-populated\">\n\t\t\t\t\t\t<div class=\"elementor-element elementor-element-4d55be4 animated-fast elementor-invisible elementor-widget elementor-widget-bdt-advanced-heading\" data-id=\"4d55be4\" data-element_type=\"widget\" data-e-type=\"widget\" data-settings=\"{&quot;_animation&quot;:&quot;fadeInUp&quot;,&quot;_animation_delay&quot;:100}\" data-widget_type=\"bdt-advanced-heading.default\">\n\t\t\t\t\t<div id=\"4d55be4\" class=\"bdt-ep-advanced-heading\" data-settings=\"{&quot;titleMultiColor&quot;:&quot;no&quot;}\"><h2 class=\"bdt-ep-advanced-heading-title\"><a href=\"#\"><span class=\"bdt-ep-advanced-heading-main-title\"><span class=\"bdt-ep-advanced-heading-main-title-inner\">Wissen auf Abruf \u2013 Entdecke unsere Online- \nVideokurse<\/span><\/span><\/a><\/h2><\/div>\t\t\t\t<\/div>\n\t\t\t\t<div class=\"elementor-element elementor-element-6872af4 elementor-widget elementor-widget-bdt-wc-products\" data-id=\"6872af4\" data-element_type=\"widget\" data-e-type=\"widget\" data-widget_type=\"bdt-wc-products.default\">\n\t\t\t\t\t\t\t<div class=\"bdt-wc-products bdt-wc-products-skin-default\" data-settings=\"{&quot;posts_source&quot;:&quot;product&quot;,&quot;posts_per_page&quot;:&quot;8&quot;,&quot;ajax_item_load&quot;:4,&quot;posts_include_by&quot;:[&quot;terms&quot;],&quot;posts_include_term_ids&quot;:[&quot;647&quot;],&quot;posts_exclude_by&quot;:[&quot;manual_selection&quot;],&quot;posts_exclude_ids&quot;:[&quot;4091&quot;],&quot;posts_select_date&quot;:&quot;anytime&quot;,&quot;posts_orderby&quot;:&quot;date&quot;,&quot;posts_order&quot;:&quot;desc&quot;,&quot;show_badge&quot;:&quot;yes&quot;,&quot;show_title&quot;:&quot;yes&quot;,&quot;title_tags&quot;:&quot;h2&quot;,&quot;show_cart&quot;:&quot;yes&quot;,&quot;paged&quot;:1,&quot;nonce&quot;:&quot;7ac1e719e0&quot;}\">\n\n\t\t\t\t\t\t<div data-bdt-grid=\"\" class=\"bdt-wc-products-wrapper bdt-grid bdt-grid-medium bdt-child-width-1-3@m bdt-child-width-1-2@s bdt-child-width-1-1\" id=\"bdt-wc-product-6872af4\">\n\t\t\t\t\n\t\t\t\t\t\n\t\t\t\t\t<div class=\"bdt-wc-product\">\n\t\t\t\t\t\t<div class=\"bdt-wc-product-inner\">\n\n\t\t\t\t\t\t\t\n\t\t\t\t\t\t\t\t\t<div class=\"bdt-wc-product-image bdt-position-relative bdt-background-cover\">\n\t\t\t<a href=\"https:\/\/gurudham-holzhausen.de\/en\/produkt\/muladhara-wurzelchakra-workshop\/\">\n\t\t\t\t<img decoding=\"async\" src=\"https:\/\/gurudham-holzhausen.de\/wp-content\/uploads\/2025\/12\/wurzel_chakra_2025.png\" alt=\"Muladhara (Wurzelchakra) &#8222;Deine Basis st\u00e4rken&#8220; &#8211; 13.04.2025\" title=\"\">\n\t\t\t<\/a>\n\n\t\t\t\t\t\t\t<div class=\"bdt-wc-add-to-cart \">\n\t\t\t\t\t\t\t\t<a href=\"https:\/\/gurudham-holzhausen.de\/en\/produkt\/muladhara-wurzelchakra-workshop\/\" data-quantity=\"1\" class=\"button product_type_variable add_to_cart_button\" data-product_id=\"3719\" data-product_sku=\"\" aria-label=\"Select options for &ldquo;Muladhara (Wurzelchakra) &quot;Deine Basis st\u00e4rken&quot; - 13.04.2025&rdquo;\" rel=\"nofollow\">Select options <i class=\"button-icon ep-icon-arrow-right\"><\/i><\/a>\t\t\n\t\t\t\t<\/div>\n\t\t\t\t\t<\/div>\n\t\t\n\t\t\t\t\t\t\t\n\t\t\t\t\t\t\t<div class=\"bdt-wc-product-desc\">\n\t\t\t\t\t\t\t\t\t\t\t\t\t\t\t\t\t<h2\t\t\t\t\t\t\t\t\t\tclass=\"bdt-wc-product-title\">\n\t\t\t\t\t\t\t\t\t\t<a href=\"https:\/\/gurudham-holzhausen.de\/en\/produkt\/muladhara-wurzelchakra-workshop\/\" class=\"bdt-link-reset\">\n\t\t\t\t\t\t\t\t\t\t\tMuladhara (Wurzelchakra) &#8222;Deine Basis st\u00e4rken&#8220; &#8211; 13.04.2025\t\t\t\t\t\t\t\t\t\t<\/a>\n\t\t\t\t\t\t\t\t\t<\/h2>\n\t\t\t\t\t\t\t\t\n\t\t\t\t\t\t\t\t\t\t\t\t\t\t\t<\/div>\n\n\t\t\t\t\t\t<\/div>\n\t\t\t\t\t<\/div>\n\t\t\t\t\n\t\t\t\t\t\n\t\t\t\t\t<div class=\"bdt-wc-product\">\n\t\t\t\t\t\t<div class=\"bdt-wc-product-inner\">\n\n\t\t\t\t\t\t\t\n\t\t\t\t\t\t\t\t\t<div class=\"bdt-wc-product-image bdt-position-relative bdt-background-cover\">\n\t\t\t<a href=\"https:\/\/gurudham-holzhausen.de\/en\/produkt\/sakralchakra-aktivieren-workshop-2025\/\">\n\t\t\t\t<img decoding=\"async\" src=\"https:\/\/gurudham-holzhausen.de\/wp-content\/uploads\/2025\/12\/Sakral_chakra_2025.png\" alt=\"Svadhisthana (Sakralchakra) &#8222;Aktiviere deine Sch\u00f6pferkraft&#8220; &#8211; 28.06.2025\" title=\"\">\n\t\t\t<\/a>\n\n\t\t\t\t\t\t\t<div class=\"bdt-wc-add-to-cart \">\n\t\t\t\t\t\t\t\t<a href=\"https:\/\/gurudham-holzhausen.de\/en\/produkt\/sakralchakra-aktivieren-workshop-2025\/\" data-quantity=\"1\" class=\"button product_type_variable add_to_cart_button\" data-product_id=\"5096\" data-product_sku=\"sakralchakra-2025\" aria-label=\"Select options for &ldquo;Svadhisthana (Sakralchakra) &quot;Aktiviere deine Sch\u00f6pferkraft&quot; - 28.06.2025&rdquo;\" rel=\"nofollow\">Select options <i class=\"button-icon ep-icon-arrow-right\"><\/i><\/a>\t\t\n\t\t\t\t<\/div>\n\t\t\t\t\t<\/div>\n\t\t\n\t\t\t\t\t\t\t\n\t\t\t\t\t\t\t<div class=\"bdt-wc-product-desc\">\n\t\t\t\t\t\t\t\t\t\t\t\t\t\t\t\t\t<h2\t\t\t\t\t\t\t\t\t\tclass=\"bdt-wc-product-title\">\n\t\t\t\t\t\t\t\t\t\t<a href=\"https:\/\/gurudham-holzhausen.de\/en\/produkt\/sakralchakra-aktivieren-workshop-2025\/\" class=\"bdt-link-reset\">\n\t\t\t\t\t\t\t\t\t\t\tSvadhisthana (Sakralchakra) &#8222;Aktiviere deine Sch\u00f6pferkraft&#8220; &#8211; 28.06.2025\t\t\t\t\t\t\t\t\t\t<\/a>\n\t\t\t\t\t\t\t\t\t<\/h2>\n\t\t\t\t\t\t\t\t\n\t\t\t\t\t\t\t\t\t\t\t\t\t\t\t<\/div>\n\n\t\t\t\t\t\t<\/div>\n\t\t\t\t\t<\/div>\n\t\t\t\t\t\t\t<\/div>\n\t\t\t\t\t\t\t<div class=\"ep-pagination\">\n\t\t\t\t\t\t\t\t\t<\/div>\n\t\t\t\t\n\t\t<\/div>\n\t\t\t\t\t\t\t\t<\/div>\n\t\t\t\t\t<\/div>\n\t\t<\/div>\n\t\t\t\t\t<\/div>\n\t\t<\/section>\n\t\t\t\t<\/div>\n\t\t","protected":false},"excerpt":{"rendered":"<p>Activate Your Sacral Chakra \u2013 Unleash Your Creative Power<\/p>\n<p>Sakralchakra aktivieren bedeutet, deine Lebensfreude, Kreativit\u00e4t und sinnliche Sch\u00f6pferkraft bewusst zu erwecken. In diesem intensiven Svadhisthana Workshop begleitet dich Guruji dabei, Blockaden zu l\u00f6sen und dich tief mit deiner inneren<\/p>","protected":false},"author":1,"featured_media":0,"parent":0,"menu_order":0,"comment_status":"closed","ping_status":"closed","template":"","meta":{"footnotes":""},"class_list":["post-5405","page","type-page","status-publish","hentry"],"_links":{"self":[{"href":"https:\/\/gurudham-holzhausen.de\/en\/wp-json\/wp\/v2\/pages\/5405","targetHints":{"allow":["GET"]}}],"collection":[{"href":"https:\/\/gurudham-holzhausen.de\/en\/wp-json\/wp\/v2\/pages"}],"about":[{"href":"https:\/\/gurudham-holzhausen.de\/en\/wp-json\/wp\/v2\/types\/page"}],"author":[{"embeddable":true,"href":"https:\/\/gurudham-holzhausen.de\/en\/wp-json\/wp\/v2\/users\/1"}],"replies":[{"embeddable":true,"href":"https:\/\/gurudham-holzhausen.de\/en\/wp-json\/wp\/v2\/comments?post=5405"}],"version-history":[{"count":3,"href":"https:\/\/gurudham-holzhausen.de\/en\/wp-json\/wp\/v2\/pages\/5405\/revisions"}],"predecessor-version":[{"id":7231,"href":"https:\/\/gurudham-holzhausen.de\/en\/wp-json\/wp\/v2\/pages\/5405\/revisions\/7231"}],"wp:attachment":[{"href":"https:\/\/gurudham-holzhausen.de\/en\/wp-json\/wp\/v2\/media?parent=5405"}],"curies":[{"name":"wp","href":"https:\/\/api.w.org\/{rel}","templated":true}]}}